{"id":11,"date":"2024-06-21T11:24:24","date_gmt":"2024-06-21T09:24:24","guid":{"rendered":"https:\/\/eduparni.aspublicitari.com\/tienda\/"},"modified":"2025-11-11T16:03:06","modified_gmt":"2025-11-11T15:03:06","slug":"botiga","status":"publish","type":"page","link":"https:\/\/eduparni.aspublicitari.com\/es\/botiga\/","title":{"rendered":"TIENDA"},"content":{"rendered":"<p>[et_pb_section fb_built=&#8221;1&#8243; _builder_version=&#8221;4.26.0&#8243; _module_preset=&#8221;default&#8221; custom_padding=&#8221;20px||0px||false|false&#8221; global_colors_info=&#8221;{}&#8221;][et_pb_row _builder_version=&#8221;4.26.0&#8243; _module_preset=&#8221;default&#8221; background_color=&#8221;RGBA(255,255,255,0)&#8221; width=&#8221;70%&#8221; width_tablet=&#8221;90%&#8221; width_phone=&#8221;90%&#8221; width_last_edited=&#8221;on|tablet&#8221; max_width=&#8221;70%&#8221; max_width_tablet=&#8221;90%&#8221; max_width_phone=&#8221;90%&#8221; max_width_last_edited=&#8221;on|desktop&#8221; custom_padding=&#8221;0px||0px|||&#8221; global_colors_info=&#8221;{}&#8221;][et_pb_column type=&#8221;4_4&#8243; _builder_version=&#8221;4.25.2&#8243; _module_preset=&#8221;default&#8221; global_colors_info=&#8221;{}&#8221;][et_pb_cta title=&#8221;Col\u00b7lecci\u00f3 de llan\u00e7ament!&#8221; button_text=&#8221;Clics&#8221; _builder_version=&#8221;4.26.0&#8243; _module_preset=&#8221;default&#8221; header_font_size=&#8221;21px&#8221; background_color=&#8221;#000000&#8243; header_text_color_tablet=&#8221;&#8221; header_text_color_phone=&#8221;&#8221; header_text_color_last_edited=&#8221;on|phone&#8221; global_colors_info=&#8221;{}&#8221;]<\/p>\n<p><span style=\"font-size: x-large;\"><\/span><\/p>\n<p class=\" translation-block\">Ya puede ser tuya la nueva ropa de Edu Parni dise\u00f1ada para darte el mejor confort en tus entrenamientos o en tu d\u00eda a d\u00eda!<\/p>\n<p>[\/et_pb_cta][\/et_pb_column][\/et_pb_row][et_pb_row column_structure=&#8221;1_3,1_3,1_3&#8243; use_custom_gutter=&#8221;on&#8221; gutter_width=&#8221;1&#8243; disabled_on=&#8221;on|on|on&#8221; _builder_version=&#8221;4.26.0&#8243; _module_preset=&#8221;default&#8221; width=&#8221;70%&#8221; width_tablet=&#8221;90%&#8221; width_phone=&#8221;90%&#8221; width_last_edited=&#8221;on|desktop&#8221; max_width=&#8221;70%&#8221; max_width_tablet=&#8221;90%&#8221; max_width_phone=&#8221;90%&#8221; max_width_last_edited=&#8221;on|tablet&#8221; disabled=&#8221;on&#8221; global_colors_info=&#8221;{}&#8221;][et_pb_column type=&#8221;1_3&#8243; _builder_version=&#8221;4.25.2&#8243; _module_preset=&#8221;default&#8221; background_color=&#8221;#000000&#8243; global_colors_info=&#8221;{}&#8221;][et_pb_text _builder_version=&#8221;4.25.2&#8243; _module_preset=&#8221;default&#8221; header_text_color=&#8221;#FFFFFF&#8221; header_font_size=&#8221;20px&#8221; custom_padding=&#8221;15px||5px||false|false&#8221; link_option_url=&#8221;#camisetas&#8221; global_colors_info=&#8221;{}&#8221;]<\/p>\n<h1 style=\"text-align: center;\">SAMARRETES<\/h1>\n<p>[\/et_pb_text][\/et_pb_column][et_pb_column type=&#8221;1_3&#8243; _builder_version=&#8221;4.25.2&#8243; _module_preset=&#8221;default&#8221; background_color=&#8221;#000000&#8243; global_colors_info=&#8221;{}&#8221;][et_pb_text _builder_version=&#8221;4.25.2&#8243; _module_preset=&#8221;default&#8221; header_text_color=&#8221;#FFFFFF&#8221; header_font_size=&#8221;20px&#8221; custom_padding=&#8221;15px||5px||false|false&#8221; link_option_url=&#8221;#pantalones&#8221; header_text_color_tablet=&#8221;#FFFFFF&#8221; header_text_color_phone=&#8221;#FFFFFF&#8221; header_text_color_last_edited=&#8221;on|phone&#8221; global_colors_info=&#8221;{}&#8221;]<\/p>\n<h1 style=\"text-align: center;\">PANTALONS<\/h1>\n<p>[\/et_pb_text][\/et_pb_column][et_pb_column type=&#8221;1_3&#8243; _builder_version=&#8221;4.25.2&#8243; _module_preset=&#8221;default&#8221; background_color=&#8221;#000000&#8243; global_colors_info=&#8221;{}&#8221;][et_pb_text _builder_version=&#8221;4.25.2&#8243; _module_preset=&#8221;default&#8221; header_text_color=&#8221;#FFFFFF&#8221; header_font_size=&#8221;20px&#8221; custom_padding=&#8221;15px||5px||false|false&#8221; link_option_url=&#8221;#pegatinas&#8221; global_colors_info=&#8221;{}&#8221;]<\/p>\n<h1 style=\"text-align: center;\">\u00a0ALTRES PRODUCTES<\/h1>\n<p>[\/et_pb_text][\/et_pb_column][\/et_pb_row][et_pb_row module_id=&#8221;camisetas&#8221; module_class=&#8221;tienda&#8221; _builder_version=&#8221;4.26.0&#8243; _module_preset=&#8221;default&#8221; width=&#8221;70%&#8221; width_tablet=&#8221;90%&#8221; width_phone=&#8221;90%&#8221; width_last_edited=&#8221;on|desktop&#8221; max_width=&#8221;70%&#8221; max_width_tablet=&#8221;90%&#8221; max_width_phone=&#8221;90%&#8221; max_width_last_edited=&#8221;on|tablet&#8221; custom_css_free_form=&#8221;.tienda span.price {||  padding-bottom: 5px;||}&#8221; global_colors_info=&#8221;{}&#8221;][et_pb_column type=&#8221;4_4&#8243; _builder_version=&#8221;4.25.2&#8243; _module_preset=&#8221;default&#8221; global_colors_info=&#8221;{}&#8221;][et_pb_text disabled_on=&#8221;on|on|on&#8221; _builder_version=&#8221;4.26.0&#8243; _module_preset=&#8221;default&#8221; disabled=&#8221;on&#8221; global_colors_info=&#8221;{}&#8221;]<\/p>\n<h2 style=\"text-align: center;\">SAMARRETES<\/h2>\n<p>[\/et_pb_text][et_pb_shop type=&#8221;product_category&#8221; include_categories=&#8221;32,33,34,31,current&#8221; columns_number=&#8221;5&#8243; orderby=&#8221;menu_order&#8221; _builder_version=&#8221;4.27.0&#8243; _module_preset=&#8221;54961b2f-5a78-4d86-bb8a-2ff6b74c3803&#8243; hover_enabled=&#8221;0&#8243; global_colors_info=&#8221;{}&#8221; sticky_enabled=&#8221;0&#8243;][\/et_pb_shop][\/et_pb_column][\/et_pb_row][\/et_pb_section]<\/p>","protected":false},"excerpt":{"rendered":"<p>Ja pot ser teva la nova roba d&#8217;Edu\u00a0Parni\u00a0dissenyada per donar-te el millor confort en els teus entrenaments o en el teu dia a dia!SAMARRETESPANTALONS\u00a0ALTRES PRODUCTESSAMARRETES<\/p>","protected":false},"author":1,"featured_media":0,"parent":0,"menu_order":0,"comment_status":"closed","ping_status":"closed","template":"","meta":{"_et_pb_use_builder":"on","_et_pb_old_content":"","_et_gb_content_width":"","footnotes":""},"class_list":["post-11","page","type-page","status-publish","hentry"],"_links":{"self":[{"href":"https:\/\/eduparni.aspublicitari.com\/es\/wp-json\/wp\/v2\/pages\/11","targetHints":{"allow":["GET"]}}],"collection":[{"href":"https:\/\/eduparni.aspublicitari.com\/es\/wp-json\/wp\/v2\/pages"}],"about":[{"href":"https:\/\/eduparni.aspublicitari.com\/es\/wp-json\/wp\/v2\/types\/page"}],"author":[{"embeddable":true,"href":"https:\/\/eduparni.aspublicitari.com\/es\/wp-json\/wp\/v2\/users\/1"}],"replies":[{"embeddable":true,"href":"https:\/\/eduparni.aspublicitari.com\/es\/wp-json\/wp\/v2\/comments?post=11"}],"version-history":[{"count":48,"href":"https:\/\/eduparni.aspublicitari.com\/es\/wp-json\/wp\/v2\/pages\/11\/revisions"}],"predecessor-version":[{"id":1268,"href":"https:\/\/eduparni.aspublicitari.com\/es\/wp-json\/wp\/v2\/pages\/11\/revisions\/1268"}],"wp:attachment":[{"href":"https:\/\/eduparni.aspublicitari.com\/es\/wp-json\/wp\/v2\/media?parent=11"}],"curies":[{"name":"wp","href":"https:\/\/api.w.org\/{rel}","templated":true}]}}