{"id":1110,"date":"2024-11-29T00:32:52","date_gmt":"2024-11-28T23:32:52","guid":{"rendered":"https:\/\/eduparni.aspublicitari.com\/?post_type=product&#038;p=1110"},"modified":"2025-05-24T16:07:32","modified_gmt":"2025-05-24T14:07:32","slug":"dessuadora-a-fondo","status":"publish","type":"product","link":"https:\/\/eduparni.aspublicitari.com\/es\/producto\/dessuadora-a-fondo\/","title":{"rendered":"Dessuadora A Fondo!"},"content":{"rendered":"<p>[et_pb_section fb_built=&#8221;1&#8243; _builder_version=&#8221;4.16&#8243; custom_padding=&#8221;0px||||false|false&#8221; global_colors_info=&#8221;{}&#8221;][et_pb_row _builder_version=&#8221;4.16&#8243; background_size=&#8221;initial&#8221; background_position=&#8221;top_left&#8221; background_repeat=&#8221;repeat&#8221; width=&#8221;100%&#8221; custom_padding=&#8221;0px||0px||false|false&#8221; global_colors_info=&#8221;{}&#8221;][et_pb_column type=&#8221;4_4&#8243; _builder_version=&#8221;4.16&#8243; custom_padding=&#8221;|||&#8221; global_colors_info=&#8221;{}&#8221; custom_padding__hover=&#8221;|||&#8221;][et_pb_wc_breadcrumb _builder_version=&#8221;4.16&#8243; global_colors_info=&#8221;{}&#8221;][\/et_pb_wc_breadcrumb][et_pb_wc_cart_notice _builder_version=&#8221;4.16&#8243; global_colors_info=&#8221;{}&#8221;][\/et_pb_wc_cart_notice][\/et_pb_column][\/et_pb_row][et_pb_row column_structure=&#8221;1_2,1_2&#8243; _builder_version=&#8221;4.16&#8243; background_size=&#8221;initial&#8221; background_position=&#8221;top_left&#8221; background_repeat=&#8221;repeat&#8221; width=&#8221;100%&#8221; custom_padding=&#8221;0px||||false|false&#8221; global_colors_info=&#8221;{}&#8221;][et_pb_column type=&#8221;1_2&#8243; _builder_version=&#8221;4.16&#8243; custom_padding=&#8221;|||&#8221; global_colors_info=&#8221;{}&#8221; custom_padding__hover=&#8221;|||&#8221;][et_pb_wc_images _builder_version=&#8221;4.16&#8243; global_colors_info=&#8221;{}&#8221;][\/et_pb_wc_images][\/et_pb_column][et_pb_column type=&#8221;1_2&#8243; _builder_version=&#8221;4.16&#8243; custom_padding=&#8221;|||&#8221; global_colors_info=&#8221;{}&#8221; custom_padding__hover=&#8221;|||&#8221;][et_pb_wc_title _builder_version=&#8221;4.16&#8243; global_colors_info=&#8221;{}&#8221;][\/et_pb_wc_title][et_pb_wc_rating _builder_version=&#8221;4.16&#8243; global_colors_info=&#8221;{}&#8221;][\/et_pb_wc_rating][et_pb_wc_price _builder_version=&#8221;4.16&#8243; global_colors_info=&#8221;{}&#8221;][\/et_pb_wc_price][et_pb_wc_description _builder_version=&#8221;4.16&#8243; global_colors_info=&#8221;{}&#8221;][\/et_pb_wc_description][et_pb_wc_add_to_cart _builder_version=&#8221;4.16&#8243; global_colors_info=&#8221;{}&#8221;][\/et_pb_wc_add_to_cart][et_pb_wc_meta _builder_version=&#8221;4.16&#8243; global_colors_info=&#8221;{}&#8221;][\/et_pb_wc_meta][\/et_pb_column][\/et_pb_row][et_pb_row _builder_version=&#8221;4.16&#8243; background_size=&#8221;initial&#8221; background_position=&#8221;top_left&#8221; background_repeat=&#8221;repeat&#8221; width=&#8221;100%&#8221; global_colors_info=&#8221;{}&#8221;][et_pb_column type=&#8221;4_4&#8243; _builder_version=&#8221;4.16&#8243; custom_padding=&#8221;|||&#8221; global_colors_info=&#8221;{}&#8221; custom_padding__hover=&#8221;|||&#8221;][et_pb_wc_tabs _builder_version=&#8221;4.16&#8243; global_colors_info=&#8221;{}&#8221;]\t\t\t\t\t[\/et_pb_wc_tabs][et_pb_wc_upsells _builder_version=&#8221;4.16&#8243; global_colors_info=&#8221;{}&#8221;][\/et_pb_wc_upsells][et_pb_wc_related_products _builder_version=&#8221;4.16&#8243; global_colors_info=&#8221;{}&#8221;][\/et_pb_wc_related_products][\/et_pb_column][\/et_pb_row][\/et_pb_section][et_pb_section fb_built=&#8221;1&#8243; _builder_version=&#8221;4.25.2&#8243; _module_preset=&#8221;default&#8221; global_colors_info=&#8221;{}&#8221;][et_pb_row _builder_version=&#8221;4.25.2&#8243; _module_preset=&#8221;default&#8221; global_colors_info=&#8221;{}&#8221;][et_pb_column type=&#8221;4_4&#8243; _builder_version=&#8221;4.25.2&#8243; _module_preset=&#8221;default&#8221; global_colors_info=&#8221;{}&#8221;][et_pb_image src=&#8221;https:\/\/eduparni.aspublicitari.com\/wp-content\/uploads\/2024\/06\/Grafico-Tabla-Comparativa-Elegante-Rosado-1.png&#8221; title_text=&#8221;Gr\u00e1fico Tabla Comparativa Elegante Rosado&#8221; _builder_version=&#8221;4.25.2&#8243; _module_preset=&#8221;default&#8221; global_colors_info=&#8221;{}&#8221;][\/et_pb_image][\/et_pb_column][\/et_pb_row][\/et_pb_section][et_pb_section fb_built=&#8221;1&#8243; _builder_version=&#8221;4.25.2&#8243; _module_preset=&#8221;default&#8221; global_colors_info=&#8221;{}&#8221;][et_pb_row _builder_version=&#8221;4.25.2&#8243; _module_preset=&#8221;default&#8221; global_colors_info=&#8221;{}&#8221;][et_pb_column type=&#8221;4_4&#8243; _builder_version=&#8221;4.25.2&#8243; _module_preset=&#8221;default&#8221; global_colors_info=&#8221;{}&#8221;][et_pb_image src=&#8221;https:\/\/eduparni.aspublicitari.com\/wp-content\/uploads\/2024\/06\/Mesa-de-trabajo-1-2.png&#8221; _builder_version=&#8221;4.25.2&#8243; _module_preset=&#8221;default&#8221; global_colors_info=&#8221;{}&#8221;][\/et_pb_image][\/et_pb_column][\/et_pb_row][\/et_pb_section][et_pb_section fb_built=&#8221;1&#8243; _builder_version=&#8221;4.26.0&#8243; _module_preset=&#8221;default&#8221; global_colors_info=&#8221;{}&#8221;][et_pb_row _builder_version=&#8221;4.26.0&#8243; _module_preset=&#8221;default&#8221; global_colors_info=&#8221;{}&#8221;][et_pb_column type=&#8221;4_4&#8243; _builder_version=&#8221;4.26.0&#8243; _module_preset=&#8221;default&#8221; global_colors_info=&#8221;{}&#8221;][et_pb_image src=&#8221;https:\/\/eduparni.aspublicitari.com\/wp-content\/uploads\/2024\/06\/Mides-Roba.png&#8221; _builder_version=&#8221;4.26.0&#8243; _module_preset=&#8221;default&#8221; global_colors_info=&#8221;{}&#8221;][\/et_pb_image][\/et_pb_column][\/et_pb_row][\/et_pb_section]<\/p>","protected":false},"excerpt":{"rendered":"<p>Dessuadora casual, perfecte per no passar fred aquest hivern.<\/p>","protected":false},"featured_media":1123,"comment_status":"open","ping_status":"closed","template":"","meta":{"_et_pb_use_builder":"on","_et_pb_old_content":"Descobreix la nostra nova dessuadora, confeccionada amb materials de gamma alta per oferir m\u00e0xima comoditat i durabilitat. El seu disseny sostenible i acurat reflecteix qualitat en cada detall.Amb un estil jove i casual, \u00e9s perfecta per a qualsevol ocasi\u00f3, combina personalitat i confort en una pe\u00e7a \u00fanica.\r\n\r\nEl tallatje m\u00e9s detallat d'aquest \u00e9s:\r\n<table style=\"border-collapse: collapse;width: 100%;border: 4px solid lightgrey\" border=\"1\">\r\n<tbody>\r\n<tr style=\"background: black;color: white;text-align: center;padding-top: 5px;padding-bottom: 5px;border: 4px solid lightgrey\">\r\n<td style=\"width: 16.6667%;font-weight: 900;border: 4px solid lightgrey\">TALLES<\/td>\r\n<td style=\"width: 16.6667%;border: 4px solid lightgrey\">S<\/td>\r\n<td style=\"width: 16.6667%;border: 4px solid lightgrey\">M<\/td>\r\n<td style=\"width: 16.6667%;border: 4px solid lightgrey\">L<\/td>\r\n<td style=\"width: 16.6667%;border: 4px solid lightgrey\">XL<\/td>\r\n<td style=\"width: 16.6667%;border: 4px solid lightgrey\">2XL<\/td>\r\n<\/tr>\r\n<tr style=\"text-align: center;padding-top: 5px;padding-bottom: 5px;border: 4px solid lightgrey\">\r\n<td style=\"width: 16.6667%;background: lightgrey\">EN CM<\/td>\r\n<td style=\"width: 16.6667%;border: 4px solid lightgrey\">41\/62<\/td>\r\n<td style=\"width: 16.6667%;border: 4px solid lightgrey\">44\/64<\/td>\r\n<td style=\"width: 16.6667%;border: 4px solid lightgrey\">47\/66<\/td>\r\n<td style=\"width: 16.6667%;border: 4px solid lightgrey\">50\/68<\/td>\r\n<td style=\"width: 16.6667%;border: 4px solid lightgrey\">54\/69<\/td>\r\n<\/tr>\r\n<\/tbody>\r\n<\/table>\r\n&nbsp;","_et_gb_content_width":""},"product_cat":[37],"product_tag":[38],"class_list":{"0":"post-1110","1":"product","2":"type-product","3":"status-publish","4":"has-post-thumbnail","6":"product_cat-sudadera","7":"product_tag-sudadera","9":"first","10":"instock","11":"taxable","12":"shipping-taxable","13":"purchasable","14":"product-type-variable"},"_links":{"self":[{"href":"https:\/\/eduparni.aspublicitari.com\/es\/wp-json\/wp\/v2\/product\/1110","targetHints":{"allow":["GET"]}}],"collection":[{"href":"https:\/\/eduparni.aspublicitari.com\/es\/wp-json\/wp\/v2\/product"}],"about":[{"href":"https:\/\/eduparni.aspublicitari.com\/es\/wp-json\/wp\/v2\/types\/product"}],"replies":[{"embeddable":true,"href":"https:\/\/eduparni.aspublicitari.com\/es\/wp-json\/wp\/v2\/comments?post=1110"}],"wp:featuredmedia":[{"embeddable":true,"href":"https:\/\/eduparni.aspublicitari.com\/es\/wp-json\/wp\/v2\/media\/1123"}],"wp:attachment":[{"href":"https:\/\/eduparni.aspublicitari.com\/es\/wp-json\/wp\/v2\/media?parent=1110"}],"wp:term":[{"taxonomy":"product_cat","embeddable":true,"href":"https:\/\/eduparni.aspublicitari.com\/es\/wp-json\/wp\/v2\/product_cat?post=1110"},{"taxonomy":"product_tag","embeddable":true,"href":"https:\/\/eduparni.aspublicitari.com\/es\/wp-json\/wp\/v2\/product_tag?post=1110"}],"curies":[{"name":"wp","href":"https:\/\/api.w.org\/{rel}","templated":true}]}}