{"id":358,"date":"2024-06-26T11:16:29","date_gmt":"2024-06-26T09:16:29","guid":{"rendered":"https:\/\/eduparni.aspublicitari.com\/?post_type=product&#038;p=358"},"modified":"2025-07-02T15:46:45","modified_gmt":"2025-07-02T13:46:45","slug":"pantalons-a-fondo","status":"publish","type":"product","link":"https:\/\/eduparni.aspublicitari.com\/es\/producto\/pantalons-a-fondo\/","title":{"rendered":"Pantal\u00f3n de Trail"},"content":{"rendered":"<p>[et_pb_section fb_built=&#8221;1&#8243; _builder_version=&#8221;4.16&#8243; custom_padding=&#8221;0px||||false|false&#8221; global_colors_info=&#8221;{}&#8221;][et_pb_row _builder_version=&#8221;4.16&#8243; background_size=&#8221;initial&#8221; background_position=&#8221;top_left&#8221; background_repeat=&#8221;repeat&#8221; width=&#8221;100%&#8221; custom_padding=&#8221;0px||0px||false|false&#8221; global_colors_info=&#8221;{}&#8221;][et_pb_column type=&#8221;4_4&#8243; _builder_version=&#8221;4.16&#8243; custom_padding=&#8221;|||&#8221; global_colors_info=&#8221;{}&#8221; custom_padding__hover=&#8221;|||&#8221;][et_pb_wc_breadcrumb _builder_version=&#8221;4.16&#8243; global_colors_info=&#8221;{}&#8221;][\/et_pb_wc_breadcrumb][et_pb_wc_cart_notice _builder_version=&#8221;4.16&#8243; global_colors_info=&#8221;{}&#8221;][\/et_pb_wc_cart_notice][\/et_pb_column][\/et_pb_row][et_pb_row column_structure=&#8221;1_2,1_2&#8243; _builder_version=&#8221;4.16&#8243; background_size=&#8221;initial&#8221; background_position=&#8221;top_left&#8221; background_repeat=&#8221;repeat&#8221; width=&#8221;100%&#8221; custom_padding=&#8221;0px||||false|false&#8221; global_colors_info=&#8221;{}&#8221;][et_pb_column type=&#8221;1_2&#8243; _builder_version=&#8221;4.16&#8243; custom_padding=&#8221;|||&#8221; global_colors_info=&#8221;{}&#8221; custom_padding__hover=&#8221;|||&#8221;][et_pb_wc_images _builder_version=&#8221;4.16&#8243; global_colors_info=&#8221;{}&#8221;][\/et_pb_wc_images][\/et_pb_column][et_pb_column type=&#8221;1_2&#8243; _builder_version=&#8221;4.16&#8243; custom_padding=&#8221;|||&#8221; global_colors_info=&#8221;{}&#8221; custom_padding__hover=&#8221;|||&#8221;][et_pb_wc_title _builder_version=&#8221;4.16&#8243; global_colors_info=&#8221;{}&#8221;][\/et_pb_wc_title][et_pb_wc_rating _builder_version=&#8221;4.16&#8243; global_colors_info=&#8221;{}&#8221;][\/et_pb_wc_rating][et_pb_wc_price _builder_version=&#8221;4.25.2&#8243; body_font=&#8221;|800|||||||&#8221; body_text_color=&#8221;#000000&#8243; body_font_size=&#8221;34px&#8221; global_colors_info=&#8221;{}&#8221;][\/et_pb_wc_price][et_pb_wc_description _builder_version=&#8221;4.16&#8243; global_colors_info=&#8221;{}&#8221;][\/et_pb_wc_description][et_pb_wc_add_to_cart _builder_version=&#8221;4.16&#8243; global_colors_info=&#8221;{}&#8221;][\/et_pb_wc_add_to_cart][et_pb_wc_meta _builder_version=&#8221;4.16&#8243; global_colors_info=&#8221;{}&#8221;][\/et_pb_wc_meta][\/et_pb_column][\/et_pb_row][et_pb_row _builder_version=&#8221;4.16&#8243; background_size=&#8221;initial&#8221; background_position=&#8221;top_left&#8221; background_repeat=&#8221;repeat&#8221; width=&#8221;100%&#8221; global_colors_info=&#8221;{}&#8221;][et_pb_column type=&#8221;4_4&#8243; _builder_version=&#8221;4.16&#8243; custom_padding=&#8221;|||&#8221; global_colors_info=&#8221;{}&#8221; custom_padding__hover=&#8221;|||&#8221;][et_pb_wc_tabs _builder_version=&#8221;4.16&#8243; global_colors_info=&#8221;{}&#8221;] [\/et_pb_wc_tabs][et_pb_wc_upsells _builder_version=&#8221;4.16&#8243; global_colors_info=&#8221;{}&#8221;][\/et_pb_wc_upsells][et_pb_wc_related_products _builder_version=&#8221;4.16&#8243; global_colors_info=&#8221;{}&#8221;][\/et_pb_wc_related_products][\/et_pb_column][\/et_pb_row][\/et_pb_section]<\/p>","protected":false},"excerpt":{"rendered":"<p>Pantalones de trial resistentes y c\u00f3modos, dise\u00f1ados para un rendimiento \u00f3ptimo en terrenos dif\u00edciles. Ideales para cualquier forofo al trial.<\/p>","protected":false},"featured_media":875,"comment_status":"open","ping_status":"closed","template":"","meta":{"_et_pb_use_builder":"on","_et_pb_old_content":"Presentem els nostres pantalons de trial, especialment dissenyats per oferir-te la m\u00e0xima comoditat i rendiment en les condicions m\u00e9s exigents. Confeccionats amb materials d'alta durabilitat, aquests pantalons s\u00f3n resistents a l'abrasi\u00f3 i a les esgarrapades, garantint una llarga vida \u00fatil fins i tot en els terrenys m\u00e9s dif\u00edcils. El teixit transpirable permet una bona circulaci\u00f3 de l'aire, mantenint-te fresc i sec durant tot el teu entrenament o competici\u00f3.\r\n\r\nEl tallatje m\u00e9s detallat seria:\r\n<table style=\"border-collapse: collapse;width: 100%;border: 4px solid lightgrey\" border=\"1\">\r\n<tbody>\r\n<tr style=\"background: black;color: white;text-align: center;padding-top: 5px;padding-bottom: 5px;border: 4px solid lightgrey\">\r\n<td style=\"width: 16.6667%;font-weight: 900;border: 4px solid lightgrey\">TALLES<\/td>\r\n<td style=\"width: 16.6667%;border: 4px solid lightgrey\">S<\/td>\r\n<td style=\"width: 16.6667%;border: 4px solid lightgrey\">M<\/td>\r\n<td style=\"width: 16.6667%;border: 4px solid lightgrey\">L<\/td>\r\n<td style=\"width: 16.6667%;border: 4px solid lightgrey\">XL<\/td>\r\n<td style=\"width: 16.6667%;border: 4px solid lightgrey\">2XL<\/td>\r\n<\/tr>\r\n<tr style=\"text-align: center;padding-top: 5px;padding-bottom: 5px;border: 4px solid lightgrey\">\r\n<td style=\"width: 16.6667%;background: lightgrey\">EN CM<\/td>\r\n<td style=\"width: 16.6667%;border: 4px solid lightgrey\">34\/42<\/td>\r\n<td style=\"width: 16.6667%;border: 4px solid lightgrey\">36\/43,5<\/td>\r\n<td style=\"width: 16.6667%;border: 4px solid lightgrey\">38\/45<\/td>\r\n<td style=\"width: 16.6667%;border: 4px solid lightgrey\">40\/46,5<\/td>\r\n<td style=\"width: 16.6667%;border: 4px solid lightgrey\">43\/48<\/td>\r\n<\/tr>\r\n<\/tbody>\r\n<\/table>","_et_gb_content_width":""},"product_cat":[33,31],"product_tag":[],"class_list":{"0":"post-358","1":"product","2":"type-product","3":"status-publish","4":"has-post-thumbnail","6":"product_cat-pantalones","7":"product_cat-ropa","9":"first","10":"instock","11":"taxable","12":"shipping-taxable","13":"purchasable","14":"product-type-variable"},"_links":{"self":[{"href":"https:\/\/eduparni.aspublicitari.com\/es\/wp-json\/wp\/v2\/product\/358","targetHints":{"allow":["GET"]}}],"collection":[{"href":"https:\/\/eduparni.aspublicitari.com\/es\/wp-json\/wp\/v2\/product"}],"about":[{"href":"https:\/\/eduparni.aspublicitari.com\/es\/wp-json\/wp\/v2\/types\/product"}],"replies":[{"embeddable":true,"href":"https:\/\/eduparni.aspublicitari.com\/es\/wp-json\/wp\/v2\/comments?post=358"}],"wp:featuredmedia":[{"embeddable":true,"href":"https:\/\/eduparni.aspublicitari.com\/es\/wp-json\/wp\/v2\/media\/875"}],"wp:attachment":[{"href":"https:\/\/eduparni.aspublicitari.com\/es\/wp-json\/wp\/v2\/media?parent=358"}],"wp:term":[{"taxonomy":"product_cat","embeddable":true,"href":"https:\/\/eduparni.aspublicitari.com\/es\/wp-json\/wp\/v2\/product_cat?post=358"},{"taxonomy":"product_tag","embeddable":true,"href":"https:\/\/eduparni.aspublicitari.com\/es\/wp-json\/wp\/v2\/product_tag?post=358"}],"curies":[{"name":"wp","href":"https:\/\/api.w.org\/{rel}","templated":true}]}}