{"id":961,"date":"2024-07-16T14:28:33","date_gmt":"2024-07-16T12:28:33","guid":{"rendered":"https:\/\/eduparni.aspublicitari.com\/?post_type=product&#038;p=961"},"modified":"2024-11-29T01:25:52","modified_gmt":"2024-11-29T00:25:52","slug":"samarreta-tecnica-unisex-noia","status":"publish","type":"product","link":"https:\/\/eduparni.aspublicitari.com\/es\/producto\/samarreta-tecnica-unisex-noia\/","title":{"rendered":"Camiseta t\u00e9cnica Chica"},"content":{"rendered":"<p>[et_pb_section fb_built=&#8221;1&#8243; _builder_version=&#8221;4.16&#8243; custom_padding=&#8221;0px||||false|false&#8221; global_colors_info=&#8221;{}&#8221;][et_pb_row _builder_version=&#8221;4.16&#8243; background_size=&#8221;initial&#8221; background_position=&#8221;top_left&#8221; background_repeat=&#8221;repeat&#8221; width=&#8221;100%&#8221; custom_padding=&#8221;0px||0px||false|false&#8221; global_colors_info=&#8221;{}&#8221;][et_pb_column type=&#8221;4_4&#8243; _builder_version=&#8221;4.16&#8243; custom_padding=&#8221;|||&#8221; global_colors_info=&#8221;{}&#8221; custom_padding__hover=&#8221;|||&#8221;][et_pb_wc_breadcrumb _builder_version=&#8221;4.16&#8243; global_colors_info=&#8221;{}&#8221;][\/et_pb_wc_breadcrumb][et_pb_wc_cart_notice _builder_version=&#8221;4.16&#8243; global_colors_info=&#8221;{}&#8221;][\/et_pb_wc_cart_notice][\/et_pb_column][\/et_pb_row][et_pb_row column_structure=&#8221;1_2,1_2&#8243; _builder_version=&#8221;4.16&#8243; background_size=&#8221;initial&#8221; background_position=&#8221;top_left&#8221; background_repeat=&#8221;repeat&#8221; width=&#8221;100%&#8221; custom_padding=&#8221;0px||||false|false&#8221; global_colors_info=&#8221;{}&#8221;][et_pb_column type=&#8221;1_2&#8243; _builder_version=&#8221;4.16&#8243; custom_padding=&#8221;|||&#8221; global_colors_info=&#8221;{}&#8221; custom_padding__hover=&#8221;|||&#8221;][et_pb_wc_images _builder_version=&#8221;4.16&#8243; global_colors_info=&#8221;{}&#8221;][\/et_pb_wc_images][\/et_pb_column][et_pb_column type=&#8221;1_2&#8243; _builder_version=&#8221;4.16&#8243; custom_padding=&#8221;|||&#8221; global_colors_info=&#8221;{}&#8221; custom_padding__hover=&#8221;|||&#8221;][et_pb_wc_title _builder_version=&#8221;4.16&#8243; global_colors_info=&#8221;{}&#8221;][\/et_pb_wc_title][et_pb_wc_rating _builder_version=&#8221;4.16&#8243; global_colors_info=&#8221;{}&#8221;][\/et_pb_wc_rating][et_pb_wc_price _builder_version=&#8221;4.25.2&#8243; body_font=&#8221;|800|||||||&#8221; body_text_color=&#8221;#000000&#8243; body_font_size=&#8221;34px&#8221; global_colors_info=&#8221;{}&#8221;][\/et_pb_wc_price][et_pb_wc_description _builder_version=&#8221;4.16&#8243; global_colors_info=&#8221;{}&#8221;][\/et_pb_wc_description][et_pb_wc_add_to_cart _builder_version=&#8221;4.16&#8243; global_colors_info=&#8221;{}&#8221;][\/et_pb_wc_add_to_cart][et_pb_wc_meta _builder_version=&#8221;4.16&#8243; global_colors_info=&#8221;{}&#8221;][\/et_pb_wc_meta][\/et_pb_column][\/et_pb_row][et_pb_row _builder_version=&#8221;4.16&#8243; background_size=&#8221;initial&#8221; background_position=&#8221;top_left&#8221; background_repeat=&#8221;repeat&#8221; width=&#8221;100%&#8221; global_colors_info=&#8221;{}&#8221;][et_pb_column type=&#8221;4_4&#8243; _builder_version=&#8221;4.16&#8243; custom_padding=&#8221;|||&#8221; global_colors_info=&#8221;{}&#8221; custom_padding__hover=&#8221;|||&#8221;][et_pb_wc_tabs _builder_version=&#8221;4.16&#8243; global_colors_info=&#8221;{}&#8221;]\t\t\t\t\t[\/et_pb_wc_tabs][et_pb_wc_upsells _builder_version=&#8221;4.16&#8243; global_colors_info=&#8221;{}&#8221;][\/et_pb_wc_upsells][et_pb_wc_related_products _builder_version=&#8221;4.16&#8243; global_colors_info=&#8221;{}&#8221;][\/et_pb_wc_related_products][\/et_pb_column][\/et_pb_row][\/et_pb_section][et_pb_section fb_built=&#8221;1&#8243; _builder_version=&#8221;4.25.2&#8243; _module_preset=&#8221;default&#8221; global_colors_info=&#8221;{}&#8221;][et_pb_row _builder_version=&#8221;4.25.2&#8243; _module_preset=&#8221;default&#8221; global_colors_info=&#8221;{}&#8221;][et_pb_column type=&#8221;4_4&#8243; _builder_version=&#8221;4.25.2&#8243; _module_preset=&#8221;default&#8221; global_colors_info=&#8221;{}&#8221;][et_pb_image src=&#8221;https:\/\/eduparni.aspublicitari.com\/wp-content\/uploads\/2024\/06\/Grafico-Tabla-Comparativa-Elegante-Rosado-A4-horizontal.png&#8221; _builder_version=&#8221;4.25.2&#8243; _module_preset=&#8221;default&#8221; global_colors_info=&#8221;{}&#8221;][\/et_pb_image][\/et_pb_column][\/et_pb_row][\/et_pb_section][et_pb_section fb_built=&#8221;1&#8243; _builder_version=&#8221;4.25.2&#8243; _module_preset=&#8221;default&#8221; global_colors_info=&#8221;{}&#8221;][et_pb_row _builder_version=&#8221;4.25.2&#8243; _module_preset=&#8221;default&#8221; global_colors_info=&#8221;{}&#8221;][et_pb_column type=&#8221;4_4&#8243; _builder_version=&#8221;4.25.2&#8243; _module_preset=&#8221;default&#8221; global_colors_info=&#8221;{}&#8221;][et_pb_image src=&#8221;https:\/\/eduparni.aspublicitari.com\/wp-content\/uploads\/2024\/06\/Grafico-Tabla-Comparativa-Elegante-Rosado-A4-horizontal-e1720004387135-1.png&#8221; _builder_version=&#8221;4.25.2&#8243; _module_preset=&#8221;default&#8221; global_colors_info=&#8221;{}&#8221;][\/et_pb_image][\/et_pb_column][\/et_pb_row][\/et_pb_section]<\/p>","protected":false},"excerpt":{"rendered":"<p>Jersey t\u00e9cnico para correr, ligero y transpirable, dise\u00f1ado para maximizar tu rendimiento. Ideal para cualquier tipo de entrenamiento.<\/p>","protected":false},"featured_media":976,"comment_status":"open","ping_status":"closed","template":"","meta":{"_et_pb_use_builder":"on","_et_pb_old_content":"Presentem el nostre jersei t\u00e8cnic per a c\u00f3rrer, dissenyat per oferir-te el m\u00e0xim rendiment en cada entrenament. Fabricat amb materials d'alta qualitat, aquest jersei \u00e9s excepcionalment lleuger i transpirable, assegurant una regulaci\u00f3 \u00f2ptima de la temperatura corporal i mantenint-te sec fins i tot durant les sessions m\u00e9s intenses.\r\n\r\nEl seu teixit t\u00e8cnic permet una r\u00e0pida evacuaci\u00f3 de la suor, mentre que les costures planes redueixen la fricci\u00f3, prevenint les irritacions. Amb un disseny ergon\u00f2mic i ajustat, s'adapta perfectament al cos, proporcionant llibertat de moviment i confort.\r\n\r\nTallatje m\u00e9s detallat del producte:\r\n<table style=\"border-collapse: collapse;width: 100%;border: 4px solid lightgrey\" border=\"1\">\r\n<tbody>\r\n<tr style=\"background: black;color: white;text-align: center;padding-top: 5px;padding-bottom: 5px;border: 4px solid lightgrey\">\r\n<td style=\"width: 16.6667%;font-weight: 900;border: 4px solid lightgrey\">TALLES<\/td>\r\n<td style=\"width: 16.6667%;border: 4px solid lightgrey\">S<\/td>\r\n<td style=\"width: 16.6667%;border: 4px solid lightgrey\">M<\/td>\r\n<td style=\"width: 16.6667%;border: 4px solid lightgrey\">L<\/td>\r\n<td style=\"width: 16.6667%;border: 4px solid lightgrey\">XL<\/td>\r\n<td style=\"width: 16.6667%;border: 4px solid lightgrey\">2XL<\/td>\r\n<\/tr>\r\n<tr style=\"text-align: center;padding-top: 5px;padding-bottom: 5px;border: 4px solid lightgrey\">\r\n<td style=\"width: 16.6667%;background: lightgrey\">EN CM<\/td>\r\n<td style=\"width: 16.6667%;border: 4px solid lightgrey\">48\/69<\/td>\r\n<td style=\"width: 16.6667%;border: 4px solid lightgrey\">51\/71<\/td>\r\n<td style=\"width: 16.6667%;border: 4px solid lightgrey\">54\/72<\/td>\r\n<td style=\"width: 16.6667%;border: 4px solid lightgrey\">57\/73<\/td>\r\n<td style=\"width: 16.6667%;border: 4px solid lightgrey\">60\/74<\/td>\r\n<\/tr>\r\n<\/tbody>\r\n<\/table>","_et_gb_content_width":""},"product_cat":[32],"product_tag":[],"class_list":{"0":"post-961","1":"product","2":"type-product","3":"status-publish","4":"has-post-thumbnail","6":"product_cat-camisetas","8":"first","9":"instock","10":"taxable","11":"shipping-taxable","12":"purchasable","13":"product-type-variable"},"_links":{"self":[{"href":"https:\/\/eduparni.aspublicitari.com\/es\/wp-json\/wp\/v2\/product\/961","targetHints":{"allow":["GET"]}}],"collection":[{"href":"https:\/\/eduparni.aspublicitari.com\/es\/wp-json\/wp\/v2\/product"}],"about":[{"href":"https:\/\/eduparni.aspublicitari.com\/es\/wp-json\/wp\/v2\/types\/product"}],"replies":[{"embeddable":true,"href":"https:\/\/eduparni.aspublicitari.com\/es\/wp-json\/wp\/v2\/comments?post=961"}],"wp:featuredmedia":[{"embeddable":true,"href":"https:\/\/eduparni.aspublicitari.com\/es\/wp-json\/wp\/v2\/media\/976"}],"wp:attachment":[{"href":"https:\/\/eduparni.aspublicitari.com\/es\/wp-json\/wp\/v2\/media?parent=961"}],"wp:term":[{"taxonomy":"product_cat","embeddable":true,"href":"https:\/\/eduparni.aspublicitari.com\/es\/wp-json\/wp\/v2\/product_cat?post=961"},{"taxonomy":"product_tag","embeddable":true,"href":"https:\/\/eduparni.aspublicitari.com\/es\/wp-json\/wp\/v2\/product_tag?post=961"}],"curies":[{"name":"wp","href":"https:\/\/api.w.org\/{rel}","templated":true}]}}